{"id":20,"date":"2017-10-25T12:49:24","date_gmt":"2017-10-25T14:49:24","guid":{"rendered":"http:\/\/danilozangari.com.br\/clientes\/chapel_site\/?page_id=19"},"modified":"2017-11-17T15:53:15","modified_gmt":"2017-11-17T17:53:15","slug":"aceitacoes-universitarias","status":"publish","type":"page","link":"https:\/\/chapelschool.com\/homologacao\/pt\/aceitacoes-universitarias\/","title":{"rendered":"Aceita\u00e7\u00f5es Universit\u00e1rias"},"content":{"rendered":"","protected":false},"excerpt":{"rendered":"","protected":false},"author":1,"featured_media":0,"parent":0,"menu_order":0,"comment_status":"closed","ping_status":"closed","template":"","meta":[],"_links":{"self":[{"href":"https:\/\/chapelschool.com\/homologacao\/wp-json\/wp\/v2\/pages\/20"}],"collection":[{"href":"https:\/\/chapelschool.com\/homologacao\/wp-json\/wp\/v2\/pages"}],"about":[{"href":"https:\/\/chapelschool.com\/homologacao\/wp-json\/wp\/v2\/types\/page"}],"author":[{"embeddable":true,"href":"https:\/\/chapelschool.com\/homologacao\/wp-json\/wp\/v2\/users\/1"}],"replies":[{"embeddable":true,"href":"https:\/\/chapelschool.com\/homologacao\/wp-json\/wp\/v2\/comments?post=20"}],"version-history":[{"count":1,"href":"https:\/\/chapelschool.com\/homologacao\/wp-json\/wp\/v2\/pages\/20\/revisions"}],"predecessor-version":[{"id":143,"href":"https:\/\/chapelschool.com\/homologacao\/wp-json\/wp\/v2\/pages\/20\/revisions\/143"}],"wp:attachment":[{"href":"https:\/\/chapelschool.com\/homologacao\/wp-json\/wp\/v2\/media?parent=20"}],"curies":[{"name":"wp","href":"https:\/\/api.w.org\/{rel}","templated":true}]}}